{"id":629,"date":"2025-06-22T22:04:47","date_gmt":"2025-06-22T20:04:47","guid":{"rendered":"https:\/\/www.blackhorsewastewatersolutions.pl\/?page_id=629"},"modified":"2025-10-13T14:08:33","modified_gmt":"2025-10-13T12:08:33","slug":"aktualnosci-2","status":"publish","type":"page","link":"https:\/\/www.blackhorsewastewatersolutions.pl\/index.php\/aktualnosci-2\/","title":{"rendered":"Aktualno\u015bci"},"content":{"rendered":"\n<p>Zapraszamy do zapoznania z dokumentacj\u0105 technologii podci\u015bnieniowego odgazowania osadu czynnego.<\/p>\n\n\n\n<div data-wp-interactive=\"core\/file\" class=\"wp-block-file\"><object data-wp-bind--hidden=\"!state.hasPdfPreview\" hidden class=\"wp-block-file__embed\" data=\"https:\/\/www.blackhorsewastewatersolutions.pl\/wp-content\/uploads\/2025\/06\/Porownanie-zwiekszenia-mozliwosci-oczyszczania-na-przykladach-oczyszczalni-sciekow-1.pdf\" type=\"application\/pdf\" style=\"width:100%;height:379px\" aria-label=\"Embed of Por\u00f3wnanie zwi\u0119kszenia mo\u017cliwo\u015bci oczyszczania na przyk\u0142adach oczyszczalni \u015bciek\u00f3w.\"><\/object><a id=\"wp-block-file--media-a91a553b-0b89-4579-81a9-042adfd9eac0\" href=\"https:\/\/www.blackhorsewastewatersolutions.pl\/wp-content\/uploads\/2025\/06\/Porownanie-zwiekszenia-mozliwosci-oczyszczania-na-przykladach-oczyszczalni-sciekow-1.pdf\">Por\u00f3wnanie zwi\u0119kszenia mo\u017cliwo\u015bci oczyszczania na przyk\u0142adach oczyszczalni \u015bciek\u00f3w<\/a><a href=\"https:\/\/www.blackhorsewastewatersolutions.pl\/wp-content\/uploads\/2025\/06\/Porownanie-zwiekszenia-mozliwosci-oczyszczania-na-przykladach-oczyszczalni-sciekow-1.pdf\" class=\"wp-block-file__button wp-element-button\" download aria-describedby=\"wp-block-file--media-a91a553b-0b89-4579-81a9-042adfd9eac0\">Download<\/a><\/div>\n\n\n\n<div class=\"wp-block-file\"><a id=\"wp-block-file--media-89d7693a-7271-4490-a593-e10ace19c06e\" href=\"http:\/\/www.blackhorsewastewatersolutions.pl\/wp-content\/uploads\/2025\/07\/BLACK-HORSE-WASTE-WATER-SOLUTIONS-TECHNOLOGY_ENGLISH-VERSION.pdf\">BLACK HORSE WASTE WATER SOLUTIONS TECHNOLOGY_ENGLISH VERSION<\/a><a href=\"http:\/\/www.blackhorsewastewatersolutions.pl\/wp-content\/uploads\/2025\/07\/BLACK-HORSE-WASTE-WATER-SOLUTIONS-TECHNOLOGY_ENGLISH-VERSION.pdf\" class=\"wp-block-file__button wp-element-button\" download aria-describedby=\"wp-block-file--media-89d7693a-7271-4490-a593-e10ace19c06e\">Download<\/a><\/div>\n\n\n\n<div data-wp-interactive=\"core\/file\" class=\"wp-block-file\"><object data-wp-bind--hidden=\"!state.hasPdfPreview\" hidden class=\"wp-block-file__embed\" data=\"https:\/\/www.blackhorsewastewatersolutions.pl\/wp-content\/uploads\/2025\/10\/Technologia-Black-Horse_PL.pdf\" type=\"application\/pdf\" style=\"width:100%;height:600px\" aria-label=\"Embed of Technologia Black Horse_PL.\"><\/object><a id=\"wp-block-file--media-5ceb6301-a140-47f9-aabd-7b1e7e2513ca\" href=\"https:\/\/www.blackhorsewastewatersolutions.pl\/wp-content\/uploads\/2025\/10\/Technologia-Black-Horse_PL.pdf\">Technologia Black Horse_PL<\/a><a href=\"https:\/\/www.blackhorsewastewatersolutions.pl\/wp-content\/uploads\/2025\/10\/Technologia-Black-Horse_PL.pdf\" class=\"wp-block-file__button wp-element-button\" download aria-describedby=\"wp-block-file--media-5ceb6301-a140-47f9-aabd-7b1e7e2513ca\">Download<\/a><\/div>\n\n\n\n<div data-wp-interactive=\"core\/file\" class=\"wp-block-file\"><object data-wp-bind--hidden=\"!state.hasPdfPreview\" hidden class=\"wp-block-file__embed\" data=\"https:\/\/www.blackhorsewastewatersolutions.pl\/wp-content\/uploads\/2025\/10\/Efekt-dzialania-technologii-Prozniowe-Odgazowanie-Osadu_PL.pdf\" type=\"application\/pdf\" style=\"width:100%;height:600px\" aria-label=\"Embed of Efekt dzialania technologii Prozniowe Odgazowanie Osadu_PL.\"><\/object><a id=\"wp-block-file--media-3ebeb21a-62a9-497a-89fb-4c05bcecea0d\" href=\"https:\/\/www.blackhorsewastewatersolutions.pl\/wp-content\/uploads\/2025\/10\/Efekt-dzialania-technologii-Prozniowe-Odgazowanie-Osadu_PL.pdf\">Efekt dzialania technologii Prozniowe Odgazowanie Osadu_PL<\/a><a href=\"https:\/\/www.blackhorsewastewatersolutions.pl\/wp-content\/uploads\/2025\/10\/Efekt-dzialania-technologii-Prozniowe-Odgazowanie-Osadu_PL.pdf\" class=\"wp-block-file__button wp-element-button\" download aria-describedby=\"wp-block-file--media-3ebeb21a-62a9-497a-89fb-4c05bcecea0d\">Download<\/a><\/div>\n","protected":false},"excerpt":{"rendered":"<p>Zapraszamy do zapoznania z dokumentacj\u0105 technologii podci\u015bnieniowego odgazowania osadu czynnego.<\/p>\n","protected":false},"author":1,"featured_media":0,"parent":0,"menu_order":0,"comment_status":"closed","ping_status":"closed","template":"","meta":{"footnotes":""},"class_list":["post-629","page","type-page","status-publish","hentry"],"featured_image_src":null,"featured_image_src_square":null,"_links":{"self":[{"href":"https:\/\/www.blackhorsewastewatersolutions.pl\/index.php\/wp-json\/wp\/v2\/pages\/629","targetHints":{"allow":["GET"]}}],"collection":[{"href":"https:\/\/www.blackhorsewastewatersolutions.pl\/index.php\/wp-json\/wp\/v2\/pages"}],"about":[{"href":"https:\/\/www.blackhorsewastewatersolutions.pl\/index.php\/wp-json\/wp\/v2\/types\/page"}],"author":[{"embeddable":true,"href":"https:\/\/www.blackhorsewastewatersolutions.pl\/index.php\/wp-json\/wp\/v2\/users\/1"}],"replies":[{"embeddable":true,"href":"https:\/\/www.blackhorsewastewatersolutions.pl\/index.php\/wp-json\/wp\/v2\/comments?post=629"}],"version-history":[{"count":10,"href":"https:\/\/www.blackhorsewastewatersolutions.pl\/index.php\/wp-json\/wp\/v2\/pages\/629\/revisions"}],"predecessor-version":[{"id":762,"href":"https:\/\/www.blackhorsewastewatersolutions.pl\/index.php\/wp-json\/wp\/v2\/pages\/629\/revisions\/762"}],"wp:attachment":[{"href":"https:\/\/www.blackhorsewastewatersolutions.pl\/index.php\/wp-json\/wp\/v2\/media?parent=629"}],"curies":[{"name":"wp","href":"https:\/\/api.w.org\/{rel}","templated":true}]}}